{"id":188,"date":"2023-01-30T14:37:00","date_gmt":"2023-01-30T14:37:00","guid":{"rendered":"https:\/\/szte-genetika.hu\/?page_id=188"},"modified":"2023-02-16T14:27:13","modified_gmt":"2023-02-16T14:27:13","slug":"elerhetosegek","status":"publish","type":"page","link":"https:\/\/szte-genetika.hu\/en\/elerhetosegek\/","title":{"rendered":"Contact Us"},"content":{"rendered":"<p>[et_pb_section fb_built=&#8221;1&#8243; _builder_version=&#8221;4.19.4&#8243; _module_preset=&#8221;default&#8221; background_enable_color=&#8221;off&#8221; background_image=&#8221;https:\/\/szte-genetika.hu\/wp-content\/uploads\/2023\/01\/szte-biologia-terkep.webp&#8221; background_size=&#8221;custom&#8221; background_image_width=&#8221;40%&#8221; background_position=&#8221;center_right&#8221; background_horizontal_offset=&#8221;0%&#8221; background_enable_mask_style=&#8221;on&#8221; background_mask_style=&#8221;diagonal-bars&#8221; background_mask_color=&#8221;#005167&#8243; background_mask_transform=&#8221;flip_vertical&#8221; background_mask_aspect_ratio=&#8221;portrait&#8221; background_mask_size=&#8221;cover&#8221; top_divider_color=&#8221;#007FA9&#8243; top_divider_height=&#8221;50px&#8221; background_last_edited=&#8221;on|desktop&#8221; background_image_width_tablet=&#8221;45%&#8221; background_image_width_phone=&#8221;80%&#8221; global_colors_info=&#8221;{}&#8221;][et_pb_row _builder_version=&#8221;4.19.4&#8243; _module_preset=&#8221;default&#8221; custom_padding=&#8221;||0px||false|false&#8221; global_colors_info=&#8221;{}&#8221;][et_pb_column type=&#8221;4_4&#8243; _builder_version=&#8221;4.19.4&#8243; _module_preset=&#8221;default&#8221; global_colors_info=&#8221;{}&#8221;][et_pb_text _builder_version=&#8221;4.19.4&#8243; _module_preset=&#8221;default&#8221; header_font=&#8221;Sofia Sans medium|500|||||||&#8221; header_text_color=&#8221;#F4F4F4&#8243; header_font_size=&#8221;40px&#8221; width_tablet=&#8221;70%&#8221; width_phone=&#8221;100%&#8221; width_last_edited=&#8221;on|desktop&#8221; global_colors_info=&#8221;{}&#8221;]<\/p>\n<h1>El\u00e9rhet\u0151s\u00e9gek<\/h1>\n<p>[\/et_pb_text][\/et_pb_column][\/et_pb_row][et_pb_row _builder_version=&#8221;4.19.4&#8243; _module_preset=&#8221;default&#8221; global_colors_info=&#8221;{}&#8221;][et_pb_column type=&#8221;4_4&#8243; _builder_version=&#8221;4.19.4&#8243; _module_preset=&#8221;default&#8221; global_colors_info=&#8221;{}&#8221;][et_pb_divider color=&#8221;#8BCE33&#8243; divider_weight=&#8221;5px&#8221; _builder_version=&#8221;4.19.4&#8243; _module_preset=&#8221;default&#8221; width=&#8221;20%&#8221; width_tablet=&#8221;40%&#8221; width_phone=&#8221;40%&#8221; width_last_edited=&#8221;on|phone&#8221; global_colors_info=&#8221;{}&#8221;][\/et_pb_divider][\/et_pb_column][\/et_pb_row][\/et_pb_section][et_pb_section fb_built=&#8221;1&#8243; custom_padding_last_edited=&#8221;off|desktop&#8221; _builder_version=&#8221;4.19.4&#8243; _module_preset=&#8221;default&#8221; background_color=&#8221;#F4F4F4&#8243; custom_padding=&#8221;30px||||false|false&#8221; custom_padding_tablet=&#8221;30px||||false|false&#8221; bottom_divider_color=&#8221;#007FA9&#8243; bottom_divider_height=&#8221;50px&#8221; global_colors_info=&#8221;{}&#8221;][et_pb_row custom_padding_last_edited=&#8221;on|phone&#8221; _builder_version=&#8221;4.19.5&#8243; _module_preset=&#8221;default&#8221; custom_padding=&#8221;||||false|false&#8221; custom_padding_tablet=&#8221;||0px||false|false&#8221; custom_padding_phone=&#8221;||0px||false|false&#8221; global_colors_info=&#8221;{}&#8221;][et_pb_column type=&#8221;4_4&#8243; _builder_version=&#8221;4.19.4&#8243; _module_preset=&#8221;default&#8221; global_colors_info=&#8221;{}&#8221;][et_pb_text _builder_version=&#8221;4.19.4&#8243; _module_preset=&#8221;default&#8221; text_font=&#8221;||||||||&#8221; text_text_color=&#8221;#3D3D3D&#8221; link_font=&#8221;|600|||on|||#00C79C|solid&#8221; link_text_color=&#8221;#007FA9&#8243; text_orientation=&#8221;justified&#8221; width=&#8221;70%&#8221; width_tablet=&#8221;100%&#8221; width_phone=&#8221;100%&#8221; width_last_edited=&#8221;on|tablet&#8221; custom_margin=&#8221;||||false|false&#8221; custom_margin_tablet=&#8221;0px||||false|false&#8221; custom_margin_phone=&#8221;0px||||false|false&#8221; custom_margin_last_edited=&#8221;off|desktop&#8221; text_orientation_tablet=&#8221;justified&#8221; text_orientation_phone=&#8221;left&#8221; text_orientation_last_edited=&#8221;on|phone&#8221; global_colors_info=&#8221;{}&#8221; link_text_color__hover_enabled=&#8221;on|desktop&#8221; link_text_color__hover=&#8221;#00C79C&#8221;]<\/p>\n<h2>Helysz\u00edn \u00e9s megk\u00f6zel\u00edt\u00e9s:<\/h2>\n<p>[\/et_pb_text][\/et_pb_column][\/et_pb_row][et_pb_row column_structure=&#8221;1_2,1_2&#8243; use_custom_gutter=&#8221;on&#8221; gutter_width=&#8221;1&#8243; custom_padding_last_edited=&#8221;on|phone&#8221; _builder_version=&#8221;4.19.5&#8243; _module_preset=&#8221;default&#8221; custom_padding=&#8221;0px||||false|false&#8221; custom_padding_tablet=&#8221;||50px||false|false&#8221; custom_padding_phone=&#8221;||50px||false|false&#8221; global_colors_info=&#8221;{}&#8221;][et_pb_column type=&#8221;1_2&#8243; _builder_version=&#8221;4.19.4&#8243; _module_preset=&#8221;default&#8221; global_colors_info=&#8221;{}&#8221;][et_pb_text _builder_version=&#8221;4.19.5&#8243; _module_preset=&#8221;default&#8221; text_text_color=&#8221;#002843&#8243; link_font=&#8221;||||on|||#8BCE33|&#8221; link_text_color=&#8221;#002843&#8243; header_4_font=&#8221;||||||||&#8221; header_4_text_color=&#8221;#005167&#8243; header_4_font_size=&#8221;25px&#8221; header_4_line_height=&#8221;2em&#8221; custom_padding=&#8221;30px||30px||false|false&#8221; custom_padding_tablet=&#8221;0px||||false|false&#8221; custom_padding_phone=&#8221;0px||||false|false&#8221; custom_padding_last_edited=&#8221;on|phone&#8221; global_colors_info=&#8221;{}&#8221; link_text_color__hover_enabled=&#8221;on|desktop&#8221; link_text_color__hover=&#8221;#6EC200&#8243;]<\/p>\n<h4>C\u00edm:<\/h4>\n<p><strong>Term\u00e9szettudom\u00e1nyi \u00e9s Informatikai Kar (TTIK)<\/strong><br \/><strong>Genetikai Tansz\u00e9k<\/strong><br \/>6726 Szeged, K\u00f6z\u00e9pfasor 52.<\/p>\n<p>(a k\u00e9pre kattintva a Google T\u00e9rk\u00e9pen \u00e9rhet\u0151 el a c\u00edm)<\/p>\n<p>[\/et_pb_text][\/et_pb_column][et_pb_column type=&#8221;1_2&#8243; _builder_version=&#8221;4.19.4&#8243; _module_preset=&#8221;default&#8221; global_colors_info=&#8221;{}&#8221;][et_pb_image src=&#8221;https:\/\/szte-genetika.hu\/wp-content\/uploads\/2023\/01\/szte-biologia-terkep.webp&#8221; alt=&#8221;SZTE Genetikai Tansz\u00e9k t\u00e9rk\u00e9p&#8221; title_text=&#8221;SZTE Biol\u00f3giai Int\u00e9zet &#8211; t\u00e9rk\u00e9p&#8221; url=&#8221;https:\/\/goo.gl\/maps\/pkWELTkto33Q9c14A&#8221; url_new_window=&#8221;on&#8221; _builder_version=&#8221;4.19.4&#8243; _module_preset=&#8221;default&#8221; width=&#8221;70%&#8221; width_tablet=&#8221;65%&#8221; width_phone=&#8221;90%&#8221; width_last_edited=&#8221;on|phone&#8221; box_shadow_style=&#8221;preset4&#8243; box_shadow_horizontal=&#8221;20px&#8221; box_shadow_vertical=&#8221;20px&#8221; box_shadow_color=&#8221;#006E8C&#8221; global_colors_info=&#8221;{}&#8221;][\/et_pb_image][\/et_pb_column][\/et_pb_row][et_pb_row custom_padding_last_edited=&#8221;on|phone&#8221; _builder_version=&#8221;4.19.5&#8243; _module_preset=&#8221;default&#8221; custom_margin=&#8221;30px||||false|false&#8221; custom_margin_tablet=&#8221;0px||||false|false&#8221; custom_margin_phone=&#8221;0px||||false|false&#8221; custom_margin_last_edited=&#8221;on|tablet&#8221; custom_padding=&#8221;||||false|false&#8221; custom_padding_tablet=&#8221;||||false|false&#8221; custom_padding_phone=&#8221;||||false|false&#8221; global_colors_info=&#8221;{}&#8221;][et_pb_column type=&#8221;4_4&#8243; _builder_version=&#8221;4.19.4&#8243; _module_preset=&#8221;default&#8221; global_colors_info=&#8221;{}&#8221;][et_pb_text _builder_version=&#8221;4.19.4&#8243; _module_preset=&#8221;default&#8221; text_font=&#8221;||||||||&#8221; text_text_color=&#8221;#3D3D3D&#8221; link_font=&#8221;|600|||on|||#00C79C|solid&#8221; link_text_color=&#8221;#007FA9&#8243; text_orientation=&#8221;justified&#8221; width=&#8221;70%&#8221; width_tablet=&#8221;100%&#8221; width_phone=&#8221;100%&#8221; width_last_edited=&#8221;on|tablet&#8221; custom_margin=&#8221;||||false|false&#8221; custom_margin_tablet=&#8221;0px||||false|false&#8221; custom_margin_phone=&#8221;0px||||false|false&#8221; custom_margin_last_edited=&#8221;off|desktop&#8221; text_orientation_tablet=&#8221;justified&#8221; text_orientation_phone=&#8221;left&#8221; text_orientation_last_edited=&#8221;on|phone&#8221; global_colors_info=&#8221;{}&#8221; link_text_color__hover_enabled=&#8221;on|desktop&#8221; link_text_color__hover=&#8221;#00C79C&#8221;]<\/p>\n<h2>Kapcsolat:<\/h2>\n<p>[\/et_pb_text][\/et_pb_column][\/et_pb_row][et_pb_row column_structure=&#8221;1_3,1_3,1_3&#8243; use_custom_gutter=&#8221;on&#8221; gutter_width=&#8221;2&#8243; make_equal=&#8221;on&#8221; _builder_version=&#8221;4.19.5&#8243; _module_preset=&#8221;default&#8221; hover_enabled=&#8221;0&#8243; global_colors_info=&#8221;{}&#8221; theme_builder_area=&#8221;post_content&#8221; sticky_enabled=&#8221;0&#8243; custom_padding=&#8221;0px||||false|false&#8221;][et_pb_column type=&#8221;1_3&#8243; _builder_version=&#8221;4.19.5&#8243; _module_preset=&#8221;default&#8221; box_shadow_style=&#8221;preset1&#8243; box_shadow_blur=&#8221;10px&#8221; global_colors_info=&#8221;{}&#8221; theme_builder_area=&#8221;post_content&#8221;][et_pb_image src=&#8221;https:\/\/szte-genetika.hu\/wp-content\/uploads\/2023\/02\/SinkaRita.webp&#8221; alt=&#8221;Dr. Sinka Rita&#8221; title_text=&#8221;Dr. Sinka Rita&#8221; align_tablet=&#8221;&#8221; align_phone=&#8221;center&#8221; align_last_edited=&#8221;on|phone&#8221; _builder_version=&#8221;4.19.5&#8243; _module_preset=&#8221;default&#8221; width=&#8221;100%&#8221; width_tablet=&#8221;100%&#8221; width_phone=&#8221;100%&#8221; width_last_edited=&#8221;on|phone&#8221; custom_margin=&#8221;||10px||false|false&#8221; custom_padding=&#8221;20px|20px||20px|false|false&#8221; custom_padding_last_edited=&#8221;off|desktop&#8221; global_colors_info=&#8221;{}&#8221; theme_builder_area=&#8221;post_content&#8221;][\/et_pb_image][et_pb_text _builder_version=&#8221;4.19.5&#8243; _module_preset=&#8221;default&#8221; text_text_color=&#8221;#002843&#8243; text_line_height=&#8221;1.2em&#8221; link_font=&#8221;||||on|||#8BCE33|&#8221; link_text_color=&#8221;#002843&#8243; header_4_font=&#8221;||||||||&#8221; header_4_text_color=&#8221;#005167&#8243; header_4_font_size=&#8221;25px&#8221; header_4_line_height=&#8221;2em&#8221; custom_padding=&#8221;|20px|20px|20px|false|false&#8221; global_colors_info=&#8221;{}&#8221; link_text_color__hover_enabled=&#8221;on|desktop&#8221; link_text_color__hover=&#8221;#6EC200&#8243; theme_builder_area=&#8221;post_content&#8221;]<\/p>\n<h4>Dr. Sinka Rita<\/h4>\n<p><strong>tansz\u00e9kvezet\u0151 egyetemi docens, csoportvezet\u0151<\/strong><\/p>\n<p><span style=\"font-family: 'ETmodules';\">\ue090 <\/span><a href=\"tel:+3662544268\">54-4268 <\/a>vagy <a href=\"tel:+3662544025\">54-4025<\/a><\/p>\n<p><span style=\"font-family: 'ETmodules';\">\ue076 <\/span><a href=\"&#109;&#x61;&#105;&#x6c;&#116;&#x6f;&#58;&#x72;&#115;&#x69;&#110;&#x6b;&#97;&#x40;&#98;&#x69;&#111;&#x2e;&#117;&#x2d;&#115;&#x7a;&#101;&#x67;&#101;&#x64;&#46;&#x68;u\">&#x72;&#x73;&#105;&#110;&#107;a&#x40;&#x62;&#x69;&#111;&#46;u-&#x73;&#x7a;&#x65;&#103;&#101;d&#x2e;&#x68;&#x75;<\/a><\/p>\n<p>MTMT: 10011011\u00a0 \u00a0<a href=\"https:\/\/m2.mtmt.hu\/gui2\/?type=authors&amp;mode=browse&amp;sel=10011011&amp;view=dataSheet\" target=\"_blank\" rel=\"noopener\">MTMT adatlap<\/a><\/p>\n<p>[\/et_pb_text][\/et_pb_column][et_pb_column type=&#8221;1_3&#8243; _builder_version=&#8221;4.19.5&#8243; _module_preset=&#8221;default&#8221; box_shadow_style=&#8221;preset1&#8243; box_shadow_blur=&#8221;10px&#8221; global_colors_info=&#8221;{}&#8221; theme_builder_area=&#8221;post_content&#8221;][et_pb_image src=&#8221;https:\/\/szte-genetika.hu\/wp-content\/uploads\/2023\/02\/BogosOrsolya.webp&#8221; alt=&#8221;Bogos Orsolya&#8221; title_text=&#8221;Bogos Orsolya&#8221; align_tablet=&#8221;&#8221; align_phone=&#8221;center&#8221; align_last_edited=&#8221;on|phone&#8221; _builder_version=&#8221;4.19.5&#8243; _module_preset=&#8221;default&#8221; width=&#8221;100%&#8221; width_tablet=&#8221;100%&#8221; width_phone=&#8221;100%&#8221; width_last_edited=&#8221;on|phone&#8221; custom_margin=&#8221;||10px||false|false&#8221; custom_padding=&#8221;20px|20px||20px|false|false&#8221; hover_enabled=&#8221;0&#8243; global_colors_info=&#8221;{}&#8221; theme_builder_area=&#8221;post_content&#8221; sticky_enabled=&#8221;0&#8243;][\/et_pb_image][et_pb_text _builder_version=&#8221;4.19.4&#8243; _module_preset=&#8221;default&#8221; text_text_color=&#8221;#002843&#8243; text_line_height=&#8221;1.2em&#8221; link_font=&#8221;||||on|||#8BCE33|&#8221; link_text_color=&#8221;#002843&#8243; header_4_font=&#8221;||||||||&#8221; header_4_text_color=&#8221;#005167&#8243; header_4_font_size=&#8221;25px&#8221; header_4_line_height=&#8221;2em&#8221; custom_padding=&#8221;|20px|20px|20px|false|false&#8221; global_colors_info=&#8221;{}&#8221; link_text_color__hover_enabled=&#8221;on|desktop&#8221; link_text_color__hover=&#8221;#6EC200&#8243; theme_builder_area=&#8221;post_content&#8221;]<\/p>\n<h4>Bogos Orsolya<\/h4>\n<p><strong>tansz\u00e9ki \u00fcgyint\u00e9z\u0151<\/strong><\/p>\n<p><span style=\"font-family: 'ETmodules';\">\ue090 <\/span><a href=\"tel:+3662544267\">54-4267 <\/a>vagy <a href=\"tel:+3662544651\">54-4651<\/a><\/p>\n<p><span style=\"font-family: 'ETmodules';\">\ue076 <\/span><a href=\"&#109;&#x61;i&#108;&#x74;o&#x3a;&#x67;&#101;&#x6e;e&#116;&#x69;k&#97;&#x40;&#98;&#x69;o&#46;&#x75;-&#115;&#x7a;&#101;&#x67;&#x65;&#100;&#x2e;h&#117;\">&#x67;&#x65;&#110;e&#x74;&#x69;&#x6b;&#97;&#64;&#x62;&#x69;&#x6f;&#46;u&#x2d;&#x73;&#x7a;&#101;g&#x65;&#x64;&#x2e;&#104;u<\/a><\/p>\n<p>[\/et_pb_text][\/et_pb_column][et_pb_column _builder_version=&#8221;4.19.5&#8243; _module_preset=&#8221;default&#8221; type=&#8221;1_3&#8243; theme_builder_area=&#8221;post_content&#8221; hover_enabled=&#8221;0&#8243; sticky_enabled=&#8221;0&#8243;][\/et_pb_column][\/et_pb_row][\/et_pb_section]<\/p>\n","protected":false},"excerpt":{"rendered":"<p>El\u00e9rhet\u0151s\u00e9gekHelysz\u00edn \u00e9s megk\u00f6zel\u00edt\u00e9s:C\u00edm: Term\u00e9szettudom\u00e1nyi \u00e9s Informatikai Kar (TTIK)Genetikai Tansz\u00e9k6726 Szeged, K\u00f6z\u00e9pfasor 52. (a k\u00e9pre kattintva a Google T\u00e9rk\u00e9pen \u00e9rhet\u0151 el a c\u00edm)Kapcsolat:Dr. Sinka Rita tansz\u00e9kvezet\u0151 egyetemi docens, csoportvezet\u0151 \ue090 54-4268 vagy 54-4025 \ue076 &#114;&#x73;&#105;&#x6e;&#107;&#x61;&#64;&#x62;i&#111;&#x2e;&#117;&#x2d;&#115;&#x7a;e&#x67;e&#100;&#x2e;&#104;&#x75; MTMT: 10011011\u00a0 \u00a0MTMT adatlapBogos Orsolya tansz\u00e9ki \u00fcgyint\u00e9z\u0151 \ue090 54-4267 vagy 54-4651 \ue076 &#x67;&#x65;&#x6e;&#x65;&#x74;&#x69;&#x6b;&#x61;&#x40;&#x62;&#x69;&#111;&#46;&#117;&#45;&#115;&#122;&#101;ged&#46;hu<\/p>","protected":false},"author":1,"featured_media":0,"parent":0,"menu_order":0,"comment_status":"closed","ping_status":"closed","template":"","meta":{"_et_pb_use_builder":"on","_et_pb_old_content":"","_et_gb_content_width":"","footnotes":""},"class_list":["post-188","page","type-page","status-publish","hentry"],"_links":{"self":[{"href":"https:\/\/szte-genetika.hu\/en\/wp-json\/wp\/v2\/pages\/188","targetHints":{"allow":["GET"]}}],"collection":[{"href":"https:\/\/szte-genetika.hu\/en\/wp-json\/wp\/v2\/pages"}],"about":[{"href":"https:\/\/szte-genetika.hu\/en\/wp-json\/wp\/v2\/types\/page"}],"author":[{"embeddable":true,"href":"https:\/\/szte-genetika.hu\/en\/wp-json\/wp\/v2\/users\/1"}],"replies":[{"embeddable":true,"href":"https:\/\/szte-genetika.hu\/en\/wp-json\/wp\/v2\/comments?post=188"}],"version-history":[{"count":7,"href":"https:\/\/szte-genetika.hu\/en\/wp-json\/wp\/v2\/pages\/188\/revisions"}],"predecessor-version":[{"id":273,"href":"https:\/\/szte-genetika.hu\/en\/wp-json\/wp\/v2\/pages\/188\/revisions\/273"}],"wp:attachment":[{"href":"https:\/\/szte-genetika.hu\/en\/wp-json\/wp\/v2\/media?parent=188"}],"curies":[{"name":"wp","href":"https:\/\/api.w.org\/{rel}","templated":true}]}}