{"id":356,"date":"2023-08-02T13:09:24","date_gmt":"2023-08-02T13:09:24","guid":{"rendered":"https:\/\/szte-genetika.hu\/?page_id=356"},"modified":"2023-08-02T13:11:50","modified_gmt":"2023-08-02T13:11:50","slug":"oktatott-targyak","status":"publish","type":"page","link":"https:\/\/szte-genetika.hu\/en\/oktatott-targyak\/","title":{"rendered":"Courses"},"content":{"rendered":"<p>[et_pb_section fb_built=&#8221;1&#8243; _builder_version=&#8221;4.19.5&#8243; _module_preset=&#8221;default&#8221; background_color=&#8221;#8BCE33&#8243; background_enable_image=&#8221;off&#8221; background_size=&#8221;custom&#8221; background_image_width=&#8221;45%&#8221; background_image_height=&#8221;0%&#8221; background_position=&#8221;center_right&#8221; background_blend=&#8221;overlay&#8221; background_enable_mask_style=&#8221;on&#8221; background_mask_style=&#8221;diagonal-bars&#8221; background_mask_color=&#8221;#005167&#8243; background_mask_size=&#8221;cover&#8221; top_divider_color=&#8221;#007FA9&#8243; top_divider_height=&#8221;50px&#8221; background_last_edited=&#8221;on|desktop&#8221; background_color_gradient_overlays_image_phone=&#8221;off&#8221; background_enable_image_phone=&#8221;off&#8221; background_size_phone=&#8221;cover&#8221; background_image_width_phone=&#8221;0%&#8221; background_image_height_phone=&#8221;0%&#8221; background_mask_position_phone=&#8221;center&#8221; global_colors_info=&#8221;{}&#8221; theme_builder_area=&#8221;post_content&#8221;][et_pb_row _builder_version=&#8221;4.19.4&#8243; _module_preset=&#8221;default&#8221; custom_padding=&#8221;||0px||false|false&#8221; global_colors_info=&#8221;{}&#8221; theme_builder_area=&#8221;post_content&#8221;][et_pb_column type=&#8221;4_4&#8243; _builder_version=&#8221;4.19.4&#8243; _module_preset=&#8221;default&#8221; global_colors_info=&#8221;{}&#8221; theme_builder_area=&#8221;post_content&#8221;][et_pb_text _builder_version=&#8221;4.20.4&#8243; _module_preset=&#8221;default&#8221; header_font=&#8221;Sofia Sans medium|500|||||||&#8221; header_text_color=&#8221;#F4F4F4&#8243; header_font_size=&#8221;40px&#8221; width_tablet=&#8221;70%&#8221; width_phone=&#8221;100%&#8221; width_last_edited=&#8221;on|desktop&#8221; hover_enabled=&#8221;0&#8243; global_colors_info=&#8221;{}&#8221; theme_builder_area=&#8221;post_content&#8221; sticky_enabled=&#8221;0&#8243;]<\/p>\n<h1>Oktatott t\u00e1rgyak<\/h1>\n<p>[\/et_pb_text][\/et_pb_column][\/et_pb_row][et_pb_row _builder_version=&#8221;4.19.4&#8243; _module_preset=&#8221;default&#8221; global_colors_info=&#8221;{}&#8221; theme_builder_area=&#8221;post_content&#8221;][et_pb_column type=&#8221;4_4&#8243; _builder_version=&#8221;4.19.4&#8243; _module_preset=&#8221;default&#8221; global_colors_info=&#8221;{}&#8221; theme_builder_area=&#8221;post_content&#8221;][et_pb_divider color=&#8221;#8BCE33&#8243; divider_weight=&#8221;5px&#8221; _builder_version=&#8221;4.19.4&#8243; _module_preset=&#8221;default&#8221; width=&#8221;20%&#8221; width_tablet=&#8221;40%&#8221; width_phone=&#8221;40%&#8221; width_last_edited=&#8221;on|phone&#8221; global_colors_info=&#8221;{}&#8221; theme_builder_area=&#8221;post_content&#8221;][\/et_pb_divider][\/et_pb_column][\/et_pb_row][\/et_pb_section][et_pb_section fb_built=&#8221;1&#8243; _builder_version=&#8221;4.19.5&#8243; _module_preset=&#8221;default&#8221; background_color=&#8221;#F4F4F4&#8243; custom_padding=&#8221;30px||||false|false&#8221; bottom_divider_color=&#8221;#007FA9&#8243; bottom_divider_height=&#8221;50px&#8221; global_colors_info=&#8221;{}&#8221; theme_builder_area=&#8221;post_content&#8221;][et_pb_row _builder_version=&#8221;4.19.5&#8243; _module_preset=&#8221;default&#8221; global_colors_info=&#8221;{}&#8221; theme_builder_area=&#8221;post_content&#8221;][et_pb_column type=&#8221;4_4&#8243; _builder_version=&#8221;4.19.5&#8243; _module_preset=&#8221;default&#8221; global_colors_info=&#8221;{}&#8221; theme_builder_area=&#8221;post_content&#8221;][et_pb_text _builder_version=&#8221;4.20.4&#8243; _module_preset=&#8221;default&#8221; hover_enabled=&#8221;0&#8243; global_colors_info=&#8221;{}&#8221; theme_builder_area=&#8221;post_content&#8221; header_3_text_color=&#8221;#8BCE33&#8243; header_3_font=&#8221;||||||||&#8221; text_line_height=&#8221;1.2em&#8221; sticky_enabled=&#8221;0&#8243;]<\/p>\n<h2>\u00d6n\u00e1ll\u00f3 kurzusaink<\/h2>\n<h3><\/h3>\n<h3>BSc<\/h3>\n<p>Genetika 1-2 (Biol\u00f3gia alapszak, biom\u00e9rn\u00f6k, molekul\u00e1ris bionikus, biol\u00f3gia tan\u00e1r, levelez\u0151 biol\u00f3gia tan\u00e1r)<\/p>\n<p>Genetika szemin\u00e1rium (Biol\u00f3gia alapszak, biom\u00e9rn\u00f6k, molekul\u00e1ris bionikus, biol\u00f3gia tan\u00e1r, levelez\u0151 biol\u00f3gia tan\u00e1r)<\/p>\n<p>&nbsp;<\/p>\n<h3>MSc<\/h3>\n<p>Halad\u00f3 Genetika1 (Biol\u00f3gus , Molekul\u00e1ris biol\u00f3gus)<\/p>\n<p>Advanced Genetics<\/p>\n<p>Halad\u00f3 Genetika gyakorlat (Biol\u00f3gus , Molekul\u00e1ris biol\u00f3gus)<\/p>\n<p>Adv. Genetics practical<\/p>\n<p>Halad\u00f3 Genetika 2(Biol\u00f3gus)<\/p>\n<p>Molekul\u00e1ris genetika (Molekul\u00e1ris biol\u00f3gus)<\/p>\n<p>&nbsp;<\/p>\n<h3>Spec. Koll.<\/h3>\n<p>A cirkadi\u00e1n \u00f3r\u00e1k genetikai alapja (2x45perc\/h\u00e9t)<\/p>\n<p>Fejl\u0151d\u00e9s \u00e9s sejtgenetika<\/p>\n<p>Genetikai forradalom a XXI. sz\u00e1zadban<\/p>\n<p>Erk\u00f6lcs \u00e9s vall\u00e1s evol\u00faci\u00f3s alapjai<\/p>\n<p>&nbsp;<\/p>\n<p><strong>Ezek mellett r\u00e9szt vesz\u00fcnk a Biol\u00f3gia Int\u00e9zet \u00e1ltal szervezett genetika t\u00e9m\u00e1j\u00fa \u00f3r\u00e1k oktat\u00e1s\u00e1ba BSc, MSc \u00e9s PhD k\u00e9pz\u00e9si szinteken.<\/strong><\/p>\n<p>[\/et_pb_text][\/et_pb_column][\/et_pb_row][\/et_pb_section]<\/p>\n","protected":false},"excerpt":{"rendered":"<p>Oktatott t\u00e1rgyak\u00d6n\u00e1ll\u00f3 kurzusaink BSc Genetika 1-2 (Biol\u00f3gia alapszak, biom\u00e9rn\u00f6k, molekul\u00e1ris bionikus, biol\u00f3gia tan\u00e1r, levelez\u0151 biol\u00f3gia tan\u00e1r) Genetika szemin\u00e1rium (Biol\u00f3gia alapszak, biom\u00e9rn\u00f6k, molekul\u00e1ris bionikus, biol\u00f3gia tan\u00e1r, levelez\u0151 biol\u00f3gia tan\u00e1r) &nbsp; MSc Halad\u00f3 Genetika1 (Biol\u00f3gus , Molekul\u00e1ris biol\u00f3gus) Advanced Genetics Halad\u00f3 Genetika gyakorlat (Biol\u00f3gus , Molekul\u00e1ris biol\u00f3gus) Adv. Genetics practical Halad\u00f3 Genetika 2(Biol\u00f3gus) Molekul\u00e1ris genetika (Molekul\u00e1ris biol\u00f3gus) [&hellip;]<\/p>\n","protected":false},"author":1,"featured_media":0,"parent":0,"menu_order":0,"comment_status":"closed","ping_status":"closed","template":"","meta":{"_et_pb_use_builder":"on","_et_pb_old_content":"","_et_gb_content_width":"","footnotes":""},"class_list":["post-356","page","type-page","status-publish","hentry"],"_links":{"self":[{"href":"https:\/\/szte-genetika.hu\/en\/wp-json\/wp\/v2\/pages\/356","targetHints":{"allow":["GET"]}}],"collection":[{"href":"https:\/\/szte-genetika.hu\/en\/wp-json\/wp\/v2\/pages"}],"about":[{"href":"https:\/\/szte-genetika.hu\/en\/wp-json\/wp\/v2\/types\/page"}],"author":[{"embeddable":true,"href":"https:\/\/szte-genetika.hu\/en\/wp-json\/wp\/v2\/users\/1"}],"replies":[{"embeddable":true,"href":"https:\/\/szte-genetika.hu\/en\/wp-json\/wp\/v2\/comments?post=356"}],"version-history":[{"count":2,"href":"https:\/\/szte-genetika.hu\/en\/wp-json\/wp\/v2\/pages\/356\/revisions"}],"predecessor-version":[{"id":358,"href":"https:\/\/szte-genetika.hu\/en\/wp-json\/wp\/v2\/pages\/356\/revisions\/358"}],"wp:attachment":[{"href":"https:\/\/szte-genetika.hu\/en\/wp-json\/wp\/v2\/media?parent=356"}],"curies":[{"name":"wp","href":"https:\/\/api.w.org\/{rel}","templated":true}]}}