{"id":80,"date":"2023-01-19T18:00:36","date_gmt":"2023-01-19T18:00:36","guid":{"rendered":"https:\/\/szte-genetika.hu\/?page_id=80"},"modified":"2023-08-02T13:27:37","modified_gmt":"2023-08-02T13:27:37","slug":"oktatas","status":"publish","type":"page","link":"https:\/\/szte-genetika.hu\/en\/oktatas\/","title":{"rendered":"Study"},"content":{"rendered":"<p>[et_pb_section fb_built=&#8221;1&#8243; _builder_version=&#8221;4.19.5&#8243; _module_preset=&#8221;default&#8221; background_enable_color=&#8221;off&#8221; use_background_color_gradient=&#8221;on&#8221; background_color_gradient_stops=&#8221;rgba(0,141,180,0.35) 100%|rgba(0,81,103,0.65) 100%&#8221; background_image=&#8221;https:\/\/szte-genetika.hu\/wp-content\/uploads\/2023\/01\/tanszeki-epulet.webp&#8221; background_size=&#8221;custom&#8221; background_image_width=&#8221;50%&#8221; background_position=&#8221;center_right&#8221; background_horizontal_offset=&#8221;0%&#8221; background_blend=&#8221;overlay&#8221; background_enable_mask_style=&#8221;on&#8221; background_mask_style=&#8221;diagonal-bars&#8221; background_mask_color=&#8221;#005167&#8243; background_mask_size=&#8221;cover&#8221; top_divider_color=&#8221;#007FA9&#8243; top_divider_height=&#8221;50px&#8221; background_last_edited=&#8221;on|phone&#8221; background_image_width_tablet=&#8221;70%&#8221; background_image_width_phone=&#8221;100%&#8221; background_image_height_phone=&#8221;100%&#8221; global_colors_info=&#8221;{}&#8221;][et_pb_row _builder_version=&#8221;4.19.4&#8243; _module_preset=&#8221;default&#8221; custom_padding=&#8221;||0px||false|false&#8221; global_colors_info=&#8221;{}&#8221;][et_pb_column type=&#8221;4_4&#8243; _builder_version=&#8221;4.19.4&#8243; _module_preset=&#8221;default&#8221; global_colors_info=&#8221;{}&#8221;][et_pb_text _builder_version=&#8221;4.19.5&#8243; _module_preset=&#8221;default&#8221; header_font=&#8221;Sofia Sans medium|500|||||||&#8221; header_text_color=&#8221;#F4F4F4&#8243; header_font_size=&#8221;40px&#8221; width_tablet=&#8221;70%&#8221; width_phone=&#8221;100%&#8221; width_last_edited=&#8221;on|desktop&#8221; global_colors_info=&#8221;{}&#8221;]<\/p>\n<h1>Oktat\u00e1s a Genetika Tansz\u00e9ken<\/h1>\n<p>[\/et_pb_text][\/et_pb_column][\/et_pb_row][et_pb_row _builder_version=&#8221;4.19.4&#8243; _module_preset=&#8221;default&#8221; global_colors_info=&#8221;{}&#8221;][et_pb_column type=&#8221;4_4&#8243; _builder_version=&#8221;4.19.4&#8243; _module_preset=&#8221;default&#8221; global_colors_info=&#8221;{}&#8221;][et_pb_divider color=&#8221;#8BCE33&#8243; divider_weight=&#8221;5px&#8221; _builder_version=&#8221;4.19.4&#8243; _module_preset=&#8221;default&#8221; width=&#8221;20%&#8221; width_tablet=&#8221;40%&#8221; width_phone=&#8221;40%&#8221; width_last_edited=&#8221;on|phone&#8221; global_colors_info=&#8221;{}&#8221;][\/et_pb_divider][\/et_pb_column][\/et_pb_row][\/et_pb_section][et_pb_section fb_built=&#8221;1&#8243; _builder_version=&#8221;4.19.4&#8243; _module_preset=&#8221;default&#8221; background_color=&#8221;#F4F4F4&#8243; custom_padding=&#8221;0px||||false|false&#8221; bottom_divider_color=&#8221;#007FA9&#8243; bottom_divider_height=&#8221;50px&#8221; global_colors_info=&#8221;{}&#8221;][et_pb_row column_structure=&#8221;3_5,2_5&#8243; _builder_version=&#8221;4.19.4&#8243; _module_preset=&#8221;default&#8221; global_colors_info=&#8221;{}&#8221;][et_pb_column type=&#8221;3_5&#8243; _builder_version=&#8221;4.19.4&#8243; _module_preset=&#8221;default&#8221; global_colors_info=&#8221;{}&#8221;][et_pb_text _builder_version=&#8221;4.20.4&#8243; _module_preset=&#8221;default&#8221; text_font=&#8221;||||||||&#8221; link_font=&#8221;|600|||on|||#6EC200|solid&#8221; link_text_color=&#8221;#008DB4&#8243; text_orientation=&#8221;justified&#8221; custom_margin=&#8221;50px||||false|false&#8221; custom_margin_tablet=&#8221;0px||||false|false&#8221; custom_margin_phone=&#8221;0px||||false|false&#8221; custom_margin_last_edited=&#8221;on|desktop&#8221; hover_enabled=&#8221;0&#8243; text_orientation_tablet=&#8221;justified&#8221; text_orientation_phone=&#8221;left&#8221; text_orientation_last_edited=&#8221;on|phone&#8221; global_colors_info=&#8221;{}&#8221; link_text_color__hover_enabled=&#8221;on|desktop&#8221; link_text_color__hover=&#8221;#6EC200&#8243; sticky_enabled=&#8221;0&#8243;]<\/p>\n<p>A Genetikai Tansz\u00e9k oktat\u00e1si tev\u00e9kenys\u00e9ge a Term\u00e9szettudom\u00e1nyi \u00e9s Informatikai Kar Biol\u00f3gia Int\u00e9zet\u00e9nek BSc, MSc \u00e9s doktori k\u00e9pz\u00e9seihez k\u00f6t\u0151dik. <strong>A magyarul \u00e9s angolul oktatott k\u00f6telez\u0151 \u00e9s szabadon v\u00e1laszthat\u00f3 <a href=\"https:\/\/szte-genetika.hu\/oktatott-targyak\/\">tant\u00e1rgyaink<\/a> a klasszikus \u00e9s a modern molekul\u00e1ris genetika, fejl\u0151d\u00e9sgenetika t\u00e9mak\u00f6reit egyar\u00e1nt \u00e9rintik.<\/strong> A szemin\u00e1riumokon \u00e9s gyakorlatokon a genetikai p\u00e9ldamegold\u00e1sokon t\u00fal a modern genetika, sejtbiol\u00f3gia m\u00f3dszereibe is betekint\u00e9st nyernek a hallgat\u00f3k.<\/p>\n<p>[\/et_pb_text][\/et_pb_column][et_pb_column type=&#8221;2_5&#8243; _builder_version=&#8221;4.19.4&#8243; _module_preset=&#8221;default&#8221; global_colors_info=&#8221;{}&#8221;][et_pb_image src=&#8221;https:\/\/szte-genetika.hu\/wp-content\/uploads\/2023\/01\/oktatas_labor2.jpg&#8221; alt=&#8221;genetika tansz\u00e9k labor oktat\u00e1s&#8221; title_text=&#8221;oktat\u00f3labor a Genetika Tansz\u00e9ken&#8221; _builder_version=&#8221;4.19.5&#8243; _module_preset=&#8221;default&#8221; box_shadow_style=&#8221;preset4&#8243; box_shadow_horizontal=&#8221;20px&#8221; box_shadow_vertical=&#8221;20px&#8221; box_shadow_color=&#8221;#006E8C&#8221; global_colors_info=&#8221;{}&#8221;][\/et_pb_image][\/et_pb_column][\/et_pb_row][et_pb_row column_structure=&#8221;2_5,3_5&#8243; _builder_version=&#8221;4.19.4&#8243; _module_preset=&#8221;default&#8221; global_colors_info=&#8221;{}&#8221;][et_pb_column type=&#8221;2_5&#8243; _builder_version=&#8221;4.19.4&#8243; _module_preset=&#8221;default&#8221; global_colors_info=&#8221;{}&#8221;][et_pb_image src=&#8221;https:\/\/szte-genetika.hu\/wp-content\/uploads\/2023\/01\/oktatas_labor1.jpg&#8221; alt=&#8221;szte genetika tansz\u00e9k gyakorlati oktat\u00e1s&#8221; title_text=&#8221;oktat\u00f3labor a Genetika Tansz\u00e9ken&#8221; _builder_version=&#8221;4.19.5&#8243; _module_preset=&#8221;default&#8221; box_shadow_style=&#8221;preset4&#8243; box_shadow_horizontal=&#8221;20px&#8221; box_shadow_vertical=&#8221;20px&#8221; box_shadow_color=&#8221;#006E8C&#8221; global_colors_info=&#8221;{}&#8221;][\/et_pb_image][\/et_pb_column][et_pb_column type=&#8221;3_5&#8243; _builder_version=&#8221;4.19.4&#8243; _module_preset=&#8221;default&#8221; global_colors_info=&#8221;{}&#8221;][et_pb_text _builder_version=&#8221;4.20.4&#8243; _module_preset=&#8221;default&#8221; text_font=&#8221;||||||||&#8221; link_font=&#8221;|600|||on|||#6EC200|solid&#8221; link_text_color=&#8221;#008DB4&#8243; text_orientation=&#8221;justified&#8221; hover_enabled=&#8221;0&#8243; text_orientation_tablet=&#8221;justified&#8221; text_orientation_phone=&#8221;left&#8221; text_orientation_last_edited=&#8221;on|phone&#8221; global_colors_info=&#8221;{}&#8221; link_text_color__hover=&#8221;#6EC200&#8243; link_text_color__hover_enabled=&#8221;on|desktop&#8221; sticky_enabled=&#8221;0&#8243;]<\/p>\n<p>A tansz\u00e9ken n\u00e9gy kutat\u00f3csoport m\u0171k\u00f6dik, melyek a <a href=\"https:\/\/szte-genetika.hu\/en\/kronogenetikai-csoport\/\">n\u00f6v\u00e9nyek cirkadi\u00e1n ritmus\u00e1nak genetikai szab\u00e1lyoz\u00e1s\u00e1ra<\/a>, <a href=\"https:\/\/szte-genetika.hu\/en\/archeogenetikai-kutatocsoport\/\">archeogenetikai kutat\u00e1sokra<\/a>, a sejtv\u00e1zat alkot\u00f3 feh\u00e9rj\u00e9k m\u0171k\u00f6d\u00e9s\u00e9re \u00e9s <a href=\"https:\/\/szte-genetika.hu\/en\/fejlodesbiologiai-kutatocsoport\/\">az ivarsejtek diferenci\u00e1ci\u00f3j\u00e1nak meg\u00e9rt\u00e9s\u00e9re<\/a> f\u00f3kusz\u00e1lnak. A tansz\u00e9ken <strong>magyar \u00e9s k\u00fclf\u00f6ldi hallgat\u00f3k<\/strong> szakdolgozati munk\u00e1juk \u00e9s PhD k\u00e9pz\u00e9s\u00fck sor\u00e1n betekint\u00e9st nyernek a <strong>legmodernebb genetikai \u00e9s molekul\u00e1ris biol\u00f3giai \u00e9s mikroszk\u00f3pi technik\u00e1k alkalmaz\u00e1s\u00e1ba<\/strong>. A kutat\u00f3csoportok kiterjedt hazai \u00e9s nemzetk\u00f6zi kapcsolatokat \u00e1polnak. A tansz\u00e9ken a laborbesz\u00e1mol\u00f3k, valamint az oktat\u00e1s nyelve is sok esetben angol, \u00edgy <strong>a hallgat\u00f3k lehet\u0151s\u00e9get kapnak a szaknyelv elsaj\u00e1t\u00edt\u00e1s\u00e1ra \u00e9s haszn\u00e1lat\u00e1ra<\/strong>, amely el\u0151seg\u00edti, hogy nemzetk\u00f6zi k\u00f6rnyezetben is bekapcsol\u00f3dhassanak a kutat\u00e1sba. A kutat\u00e1sok finansz\u00edroz\u00e1s\u00e1t a Nemzeti Kutat\u00e1si, Fejleszt\u00e9si \u00e9s Innov\u00e1ci\u00f3s Hivatal, a Magyar Tudom\u00e1nyos Akad\u00e9mia \u00e9s Magyars\u00e1g Kutat\u00f3 Int\u00e9zet t\u00e1mogatja.<\/p>\n<p><strong>Dr. habil. Sinka Rita<br \/><\/strong><span>tansz\u00e9kvezet\u0151 egyetemi docens<\/span><\/p>\n<p>[\/et_pb_text][\/et_pb_column][\/et_pb_row][\/et_pb_section]<\/p>\n","protected":false},"excerpt":{"rendered":"<p>Oktat\u00e1s a Genetika Tansz\u00e9kenA Genetikai Tansz\u00e9k oktat\u00e1si tev\u00e9kenys\u00e9ge a Term\u00e9szettudom\u00e1nyi \u00e9s Informatikai Kar Biol\u00f3gia Int\u00e9zet\u00e9nek BSc, MSc \u00e9s doktori k\u00e9pz\u00e9seihez k\u00f6t\u0151dik. A magyarul \u00e9s angolul oktatott k\u00f6telez\u0151 \u00e9s szabadon v\u00e1laszthat\u00f3 tant\u00e1rgyaink a klasszikus \u00e9s a modern molekul\u00e1ris genetika, fejl\u0151d\u00e9sgenetika t\u00e9mak\u00f6reit egyar\u00e1nt \u00e9rintik. A szemin\u00e1riumokon \u00e9s gyakorlatokon a genetikai p\u00e9ldamegold\u00e1sokon t\u00fal a modern genetika, sejtbiol\u00f3gia m\u00f3dszereibe [&hellip;]<\/p>\n","protected":false},"author":1,"featured_media":0,"parent":0,"menu_order":0,"comment_status":"closed","ping_status":"closed","template":"","meta":{"_et_pb_use_builder":"on","_et_pb_old_content":"","_et_gb_content_width":"","footnotes":""},"class_list":["post-80","page","type-page","status-publish","hentry"],"_links":{"self":[{"href":"https:\/\/szte-genetika.hu\/en\/wp-json\/wp\/v2\/pages\/80","targetHints":{"allow":["GET"]}}],"collection":[{"href":"https:\/\/szte-genetika.hu\/en\/wp-json\/wp\/v2\/pages"}],"about":[{"href":"https:\/\/szte-genetika.hu\/en\/wp-json\/wp\/v2\/types\/page"}],"author":[{"embeddable":true,"href":"https:\/\/szte-genetika.hu\/en\/wp-json\/wp\/v2\/users\/1"}],"replies":[{"embeddable":true,"href":"https:\/\/szte-genetika.hu\/en\/wp-json\/wp\/v2\/comments?post=80"}],"version-history":[{"count":6,"href":"https:\/\/szte-genetika.hu\/en\/wp-json\/wp\/v2\/pages\/80\/revisions"}],"predecessor-version":[{"id":366,"href":"https:\/\/szte-genetika.hu\/en\/wp-json\/wp\/v2\/pages\/80\/revisions\/366"}],"wp:attachment":[{"href":"https:\/\/szte-genetika.hu\/en\/wp-json\/wp\/v2\/media?parent=80"}],"curies":[{"name":"wp","href":"https:\/\/api.w.org\/{rel}","templated":true}]}}